{"id":54,"date":"2026-05-02T01:44:42","date_gmt":"2026-05-02T01:44:42","guid":{"rendered":"https:\/\/plombier-paris-16e.com\/?page_id=54"},"modified":"2026-05-02T02:00:56","modified_gmt":"2026-05-02T02:00:56","slug":"54-2","status":"publish","type":"page","link":"https:\/\/plombier-paris-16e.com\/","title":{"rendered":"M. ARMANI Plombier PARIS 16"},"content":{"rendered":"\n<div class=\"wp-block-group alignfull is-layout-constrained wp-container-core-group-is-layout-0c9c989a wp-block-group-is-layout-constrained\" style=\"min-height:0vh;margin-top:0;margin-bottom:0;padding-top:var(--wp--preset--spacing--70);padding-right:var(--wp--preset--spacing--40);padding-bottom:var(--wp--preset--spacing--70);padding-left:var(--wp--preset--spacing--40)\">\n<div class=\"wp-block-group is-layout-constrained wp-container-core-group-is-layout-346627ba wp-block-group-is-layout-constrained\">\n<h2 class=\"wp-block-heading has-text-align-center has-xx-large-font-size\" style=\"margin-right:0;margin-left:0;padding-right:0;padding-left:0\"><strong>Plombier Paris 16e \u2013 Intervention rapide 24h\/24 7j\/7<\/strong><\/h2>\n\n\n\n<p class=\"has-text-align-center\">Fuites, chauffe-eau, d\u00e9bouchage, recherche de fuite, d\u00e9pannage urgent \u00e0 Paris 16e arrondissement.<\/p>\n\n\n\n<div class=\"wp-block-buttons is-content-justification-center is-layout-flex wp-container-core-buttons-is-layout-a89b3969 wp-block-buttons-is-layout-flex\">\n<div class=\"wp-block-button\"><a class=\"wp-block-button__link wp-element-button\">Appeler maintenant<\/a><\/div>\n<\/div>\n<\/div>\n<\/div>\n\n\n\n<div class=\"wp-block-group alignfull is-style-section-1 is-layout-constrained wp-block-group-is-layout-constrained\" style=\"margin-top:0;margin-bottom:0;padding-top:var(--wp--preset--spacing--80);padding-bottom:var(--wp--preset--spacing--80)\">\n<div class=\"wp-block-columns alignwide is-layout-flex wp-container-core-columns-is-layout-66fad18a wp-block-columns-is-layout-flex\">\n<div class=\"wp-block-column is-layout-flow wp-block-column-is-layout-flow\" style=\"padding-right:var(--wp--preset--spacing--50);flex-basis:45%\">\n<figure class=\"wp-block-gallery has-nested-images columns-default is-cropped wp-block-gallery-1 is-layout-flex wp-block-gallery-is-layout-flex\">\n<figure class=\"wp-block-image size-full\"><img loading=\"lazy\" decoding=\"async\" width=\"1536\" height=\"1024\" data-id=\"58\" src=\"http:\/\/plombier-paris-16e.com\/wp-content\/uploads\/2026\/05\/ChatGPT-Image-23-dec.-2025-01_45_21.png\" alt=\"\" class=\"wp-image-58\" srcset=\"https:\/\/plombier-paris-16e.com\/wp-content\/uploads\/2026\/05\/ChatGPT-Image-23-dec.-2025-01_45_21.png 1536w, https:\/\/plombier-paris-16e.com\/wp-content\/uploads\/2026\/05\/ChatGPT-Image-23-dec.-2025-01_45_21-300x200.png 300w, https:\/\/plombier-paris-16e.com\/wp-content\/uploads\/2026\/05\/ChatGPT-Image-23-dec.-2025-01_45_21-1024x683.png 1024w, https:\/\/plombier-paris-16e.com\/wp-content\/uploads\/2026\/05\/ChatGPT-Image-23-dec.-2025-01_45_21-768x512.png 768w\" sizes=\"auto, (max-width: 1536px) 100vw, 1536px\" \/><\/figure>\n<\/figure>\n\n\n\n<div class=\"wp-block-group is-layout-constrained wp-block-group-is-layout-constrained\" style=\"margin-top:-12vw\">\n<figure class=\"wp-block-image alignright size-full is-resized\" style=\"margin-right:-5vw;margin-left:-5vw\"><img loading=\"lazy\" decoding=\"async\" width=\"512\" height=\"512\" src=\"http:\/\/plombier-paris-16e.com\/wp-content\/uploads\/2026\/05\/cropped-Logo-stylise-de-M.-Armani-plombier.png\" alt=\"\" class=\"wp-image-13\" style=\"width:131px;height:auto\" srcset=\"https:\/\/plombier-paris-16e.com\/wp-content\/uploads\/2026\/05\/cropped-Logo-stylise-de-M.-Armani-plombier.png 512w, https:\/\/plombier-paris-16e.com\/wp-content\/uploads\/2026\/05\/cropped-Logo-stylise-de-M.-Armani-plombier-300x300.png 300w, https:\/\/plombier-paris-16e.com\/wp-content\/uploads\/2026\/05\/cropped-Logo-stylise-de-M.-Armani-plombier-150x150.png 150w, https:\/\/plombier-paris-16e.com\/wp-content\/uploads\/2026\/05\/cropped-Logo-stylise-de-M.-Armani-plombier-270x270.png 270w, https:\/\/plombier-paris-16e.com\/wp-content\/uploads\/2026\/05\/cropped-Logo-stylise-de-M.-Armani-plombier-192x192.png 192w, https:\/\/plombier-paris-16e.com\/wp-content\/uploads\/2026\/05\/cropped-Logo-stylise-de-M.-Armani-plombier-180x180.png 180w, https:\/\/plombier-paris-16e.com\/wp-content\/uploads\/2026\/05\/cropped-Logo-stylise-de-M.-Armani-plombier-32x32.png 32w\" sizes=\"auto, (max-width: 512px) 100vw, 512px\" \/><\/figure>\n<\/div>\n<\/div>\n\n\n\n<div class=\"wp-block-column is-vertically-aligned-center is-layout-flow wp-block-column-is-layout-flow\" style=\"padding-right:0;padding-left:0;flex-basis:50%\">\n<div class=\"wp-block-group is-vertical is-layout-flex wp-container-core-group-is-layout-fe9cc265 wp-block-group-is-layout-flex\">\n<h2 class=\"wp-block-heading is-style-text-annotation\">\u00c0 propos<\/h2>\n<\/div>\n\n\n\n<p class=\"is-style-text-subtitle\">1\ufe0f\u20e3 Pourquoi nous choisir<\/p>\n\n\n\n<p class=\"is-style-text-subtitle\">Disponible soir \/ week-end<\/p>\n\n\n\n<p>Intervention rapide<\/p>\n\n\n\n<p>Tarifs clairs<\/p>\n\n\n\n<p>Artisan exp\u00e9riment\u00e9<\/p>\n<\/div>\n<\/div>\n<\/div>\n\n\n\n<div class=\"wp-block-group alignfull is-layout-constrained wp-container-core-group-is-layout-ebee8dc1 wp-block-group-is-layout-constrained\" style=\"margin-top:0;margin-bottom:0;padding-top:var(--wp--preset--spacing--50);padding-bottom:var(--wp--preset--spacing--50)\">\n<h2 class=\"wp-block-heading alignwide\">Nos services<\/h2>\n\n\n\n<div class=\"wp-block-columns alignwide is-layout-flex wp-container-core-columns-is-layout-28f84493 wp-block-columns-is-layout-flex\">\n<div class=\"wp-block-column is-layout-flow wp-block-column-is-layout-flow\">\n<figure class=\"wp-block-image size-full\" style=\"margin-bottom:24px\"><img decoding=\"async\" src=\"https:\/\/plombier-paris-16e.com\/wp-content\/themes\/twentytwentyfive\/assets\/images\/campanula-alliariifolia-flower.webp\" alt=\"Image pour le service\" style=\"aspect-ratio:4\/3;object-fit:cover\"\/><\/figure>\n\n\n\n<h3 class=\"wp-block-heading\">Collecter<\/h3>\n\n\n\n<p class=\"has-medium-font-size\">Comme des fleurs qui s\u2019\u00e9panouissent dans des endroits inattendus, chaque histoire se d\u00e9ploie avec beaut\u00e9 et r\u00e9silience.<\/p>\n<\/div>\n\n\n\n<div class=\"wp-block-column is-layout-flow wp-block-column-is-layout-flow\">\n<figure class=\"wp-block-image size-full\" style=\"margin-bottom:24px\"><img decoding=\"async\" src=\"https:\/\/plombier-paris-16e.com\/wp-content\/themes\/twentytwentyfive\/assets\/images\/delphinium-flowers.webp\" alt=\"Image pour le service\" style=\"aspect-ratio:4\/3;object-fit:cover\"\/><\/figure>\n\n\n\n<h3 class=\"wp-block-heading\">Rassembler<\/h3>\n\n\n\n<p class=\"has-medium-font-size\">Comme des fleurs qui s\u2019\u00e9panouissent dans des endroits inattendus, chaque histoire se d\u00e9ploie avec beaut\u00e9 et r\u00e9silience.<\/p>\n<\/div>\n\n\n\n<div class=\"wp-block-column is-layout-flow wp-block-column-is-layout-flow\">\n<figure class=\"wp-block-image size-full\" style=\"margin-bottom:24px\"><img decoding=\"async\" src=\"https:\/\/plombier-paris-16e.com\/wp-content\/themes\/twentytwentyfive\/assets\/images\/star-thristle-flower.webp\" alt=\"Image pour le service\" style=\"aspect-ratio:4\/3;object-fit:cover\"\/><\/figure>\n\n\n\n<h3 class=\"wp-block-heading\">Livrer<\/h3>\n\n\n\n<p class=\"has-medium-font-size\">Comme des fleurs qui s\u2019\u00e9panouissent dans des endroits inattendus, chaque histoire se d\u00e9ploie avec beaut\u00e9 et r\u00e9silience.<\/p>\n<\/div>\n<\/div>\n<\/div>\n\n\n\n<div class=\"wp-block-group alignfull is-layout-constrained wp-block-group-is-layout-constrained\" style=\"margin-top:0;margin-bottom:0;padding-top:var(--wp--preset--spacing--60);padding-bottom:var(--wp--preset--spacing--60)\">\n<div class=\"wp-block-columns alignwide is-layout-flex wp-container-core-columns-is-layout-74b2cda3 wp-block-columns-is-layout-flex\">\n<div class=\"wp-block-column is-layout-flow wp-block-column-is-layout-flow\">\n<div class=\"wp-block-group is-vertical is-content-justification-left is-layout-flex wp-container-core-group-is-layout-7ce391b6 wp-block-group-is-layout-flex\" style=\"min-height:100%\">\n<h2 class=\"wp-block-heading is-style-text-annotation has-x-small-font-size\">T\u00e9moignages<\/h2>\n\n\n\n<blockquote class=\"wp-block-quote is-style-plain has-x-large-font-size is-layout-flow wp-container-core-quote-is-layout-5dafc681 wp-block-quote-is-layout-flow\" style=\"font-style:normal;font-weight:400\">\n<div class=\"wp-block-group is-content-justification-left is-layout-constrained wp-container-core-group-is-layout-085bd3d9 wp-block-group-is-layout-constrained\" style=\"margin-top:0;margin-bottom:0;padding-top:0;padding-right:0;padding-bottom:0;padding-left:0\">\n<p class=\"has-xx-large-font-size\">\u00ab&nbsp;Produit et service client exceptionnels&nbsp;!&nbsp;\u00bb<\/p>\n<\/div>\n<cite>Jeanne Desmoulins <br><sub>Rennes, Bretagne<\/sub><\/cite><\/blockquote>\n<\/div>\n<\/div>\n\n\n\n<div class=\"wp-block-column is-layout-flow wp-block-column-is-layout-flow\" style=\"padding-top:0;padding-right:0;padding-bottom:0;padding-left:0\">\n<figure class=\"wp-block-image size-large\"><img decoding=\"async\" src=\"https:\/\/plombier-paris-16e.com\/wp-content\/themes\/twentytwentyfive\/assets\/images\/typewriter.webp\" alt=\"Image d\u2019une personne tapant sur une machine \u00e0 \u00e9crire.\" style=\"aspect-ratio:1;object-fit:cover\"\/><\/figure>\n<\/div>\n<\/div>\n<\/div>\n\n\n\n<div class=\"wp-block-group alignfull is-layout-constrained wp-block-group-is-layout-constrained\" style=\"margin-top:0;margin-bottom:0;padding-top:var(--wp--preset--spacing--60);padding-bottom:var(--wp--preset--spacing--60)\">\n<h2 class=\"wp-block-heading alignwide has-text-align-center\">Tarifs<\/h2>\n\n\n\n<p class=\"has-text-align-center\">Annuler ou mettre en pause \u00e0 tout moment.<\/p>\n\n\n\n<div style=\"height:var(--wp--preset--spacing--40)\" aria-hidden=\"true\" class=\"wp-block-spacer\"><\/div>\n\n\n\n<div class=\"wp-block-columns alignwide is-layout-flex wp-container-core-columns-is-layout-1d9f35bd wp-block-columns-is-layout-flex\">\n<div class=\"wp-block-column has-border-color is-layout-flow wp-block-column-is-layout-flow\" style=\"border-color:var(--wp--preset--color--accent-6);border-width:1px;border-radius:10px;padding-top:var(--wp--preset--spacing--50);padding-right:var(--wp--preset--spacing--50);padding-bottom:var(--wp--preset--spacing--50);padding-left:var(--wp--preset--spacing--50)\">\n<h3 class=\"wp-block-heading\" id=\"free\">Gratuit<\/h3>\n\n\n\n<p class=\"has-large-font-size\">0&nbsp;\u20ac<\/p>\n\n\n\n<ul style=\"padding-bottom:var(--wp--preset--spacing--20);padding-left:var(--wp--preset--spacing--20)\" class=\"wp-block-list is-style-checkmark-list has-small-font-size\">\n<li>Obtenez l\u2019acc\u00e8s \u00e0 nos articles payants et \u00e0 notre newsletter hebdomadaire.<\/li>\n\n\n\n<li>Rejoignez nos \u00e9v\u00e8nements en pr\u00e9sentiel.<\/li>\n\n\n\n<li>Recevez un tote bag gratuit.<\/li>\n\n\n\n<li>Un ajout \u00e9l\u00e9gant \u00e0 la collection de d\u00e9coration int\u00e9rieure.<\/li>\n\n\n\n<li>Rejoignez nos forums.<\/li>\n<\/ul>\n\n\n\n<div class=\"wp-block-buttons is-content-justification-center is-layout-flex wp-container-core-buttons-is-layout-a89b3969 wp-block-buttons-is-layout-flex\">\n<div class=\"wp-block-button has-custom-width wp-block-button__width-100\"><a class=\"wp-block-button__link wp-element-button\">Rejoindre<\/a><\/div>\n<\/div>\n<\/div>\n\n\n\n<div class=\"wp-block-column has-border-color is-layout-flow wp-block-column-is-layout-flow\" style=\"border-color:var(--wp--preset--color--accent-6);border-width:1px;border-radius:10px;padding-top:var(--wp--preset--spacing--50);padding-right:var(--wp--preset--spacing--50);padding-bottom:var(--wp--preset--spacing--50);padding-left:var(--wp--preset--spacing--50)\">\n<h3 class=\"wp-block-heading\" id=\"single\">Simple<\/h3>\n\n\n\n<p class=\"has-large-font-size\">20&nbsp;\u20ac\/mois<\/p>\n\n\n\n<ul style=\"padding-bottom:var(--wp--preset--spacing--20);padding-left:var(--wp--preset--spacing--20)\" class=\"wp-block-list is-style-checkmark-list has-small-font-size\">\n<li>Obtenez l\u2019acc\u00e8s \u00e0 nos articles payants et \u00e0 notre newsletter hebdomadaire.<\/li>\n\n\n\n<li>Rejoignez nos \u00e9v\u00e8nements en pr\u00e9sentiel.<\/li>\n\n\n\n<li>Recevez un tote bag gratuit.<\/li>\n\n\n\n<li>Un ajout \u00e9l\u00e9gant \u00e0 la collection de d\u00e9coration int\u00e9rieure.<\/li>\n\n\n\n<li>Rejoignez nos forums.<\/li>\n<\/ul>\n\n\n\n<div class=\"wp-block-buttons is-content-justification-center is-layout-flex wp-container-core-buttons-is-layout-a89b3969 wp-block-buttons-is-layout-flex\">\n<div class=\"wp-block-button has-custom-width wp-block-button__width-100\"><a class=\"wp-block-button__link wp-element-button\">Rejoindre<\/a><\/div>\n<\/div>\n<\/div>\n<\/div>\n<\/div>\n\n\n\n<aside class=\"wp-block-group alignfull is-style-section-3 is-layout-constrained wp-container-core-group-is-layout-f0f2a97b wp-block-group-is-layout-constrained\" style=\"margin-top:0;margin-bottom:0;padding-top:var(--wp--preset--spacing--50);padding-right:var(--wp--preset--spacing--50);padding-bottom:var(--wp--preset--spacing--50);padding-left:var(--wp--preset--spacing--50)\">\n<div class=\"wp-block-group is-vertical is-content-justification-center is-layout-flex wp-container-core-group-is-layout-8778ca4a wp-block-group-is-layout-flex\" style=\"min-height:360px;margin-top:0;margin-bottom:0\">\n<h2 class=\"wp-block-heading has-text-align-center has-xx-large-font-size\">Inscrivez-vous pour recevoir des histoires quotidiennes<\/h2>\n\n\n\n<p class=\"has-text-align-center is-style-text-subtitle\">Acc\u00e9dez \u00e0 une collection soigneusement s\u00e9lectionn\u00e9e de moments dans le temps, avec des photographies d\u2019int\u00e9ret historique.<\/p>\n\n\n\n<div style=\"height:0px\" aria-hidden=\"true\" class=\"wp-block-spacer wp-container-content-62aae154\"><\/div>\n\n\n\n<div class=\"wp-block-buttons is-content-justification-center is-layout-flex wp-container-core-buttons-is-layout-a89b3969 wp-block-buttons-is-layout-flex\">\n<div class=\"wp-block-button\"><a class=\"wp-block-button__link has-text-align-center wp-element-button\">S\u2019abonner<\/a><\/div>\n<\/div>\n<\/div>\n<\/aside>\n","protected":false},"excerpt":{"rendered":"<p>Plombier Paris 16e \u2013 Intervention rapide 24h\/24 7j\/7 Fuites, chauffe-eau, d\u00e9bouchage, recherche de fuite, d\u00e9pannage urgent \u00e0 Paris 16e arrondissement. \u00c0 propos 1\ufe0f\u20e3 Pourquoi nous choisir Disponible soir \/ week-end Intervention rapide Tarifs clairs Artisan exp\u00e9riment\u00e9 Nos services Collecter Comme des fleurs qui s\u2019\u00e9panouissent dans des endroits inattendus, chaque histoire se d\u00e9ploie avec beaut\u00e9 et&#8230;<\/p>\n","protected":false},"author":1,"featured_media":0,"parent":0,"menu_order":0,"comment_status":"closed","ping_status":"closed","template":"","meta":{"footnotes":""},"class_list":["post-54","page","type-page","status-publish","hentry"],"_links":{"self":[{"href":"https:\/\/plombier-paris-16e.com\/index.php\/wp-json\/wp\/v2\/pages\/54","targetHints":{"allow":["GET"]}}],"collection":[{"href":"https:\/\/plombier-paris-16e.com\/index.php\/wp-json\/wp\/v2\/pages"}],"about":[{"href":"https:\/\/plombier-paris-16e.com\/index.php\/wp-json\/wp\/v2\/types\/page"}],"author":[{"embeddable":true,"href":"https:\/\/plombier-paris-16e.com\/index.php\/wp-json\/wp\/v2\/users\/1"}],"replies":[{"embeddable":true,"href":"https:\/\/plombier-paris-16e.com\/index.php\/wp-json\/wp\/v2\/comments?post=54"}],"version-history":[{"count":5,"href":"https:\/\/plombier-paris-16e.com\/index.php\/wp-json\/wp\/v2\/pages\/54\/revisions"}],"predecessor-version":[{"id":62,"href":"https:\/\/plombier-paris-16e.com\/index.php\/wp-json\/wp\/v2\/pages\/54\/revisions\/62"}],"wp:attachment":[{"href":"https:\/\/plombier-paris-16e.com\/index.php\/wp-json\/wp\/v2\/media?parent=54"}],"curies":[{"name":"wp","href":"https:\/\/api.w.org\/{rel}","templated":true}]}}